{"id":8503,"date":"2026-04-17T09:58:46","date_gmt":"2026-04-17T07:58:46","guid":{"rendered":"https:\/\/www.kavs.net\/?post_type=product&#038;p=8503"},"modified":"2026-04-17T10:33:33","modified_gmt":"2026-04-17T08:33:33","slug":"mini-kmt-supercharger-pulley-kit-1-with-ngk-bkr7equp-spark-plugs","status":"publish","type":"product","link":"https:\/\/www.kavs.net\/sl\/izdelek\/mini-kmt-supercharger-pulley-kit-1-with-ngk-bkr7equp-spark-plugs\/","title":{"rendered":"01 Pulley KIT 1 with NGK BKR7EQUP spark plugs"},"content":{"rendered":"<p>\u017de narejen kit z sve\u010dkami NGK BKR7EQUP in jermenom za na\u0161o MINI kompresorsko jermenico.<\/p>\n","protected":false},"excerpt":{"rendered":"<p>MINI Cooper S R53 \/ KMT Supercharger Pulley KIT 1 with NGK BKR7EQUP spark plugs<\/p>\n","protected":false},"featured_media":8535,"template":"","meta":[],"product_brand":[],"product_cat":[228],"product_tag":[234],"avtomobil":[],"class_list":{"0":"post-8503","1":"product","2":"type-product","3":"status-publish","4":"has-post-thumbnail","6":"product_cat-mini-tuning","7":"product_tag-mini-cooper-s-r53","9":"first","10":"instock","11":"sale","12":"featured","13":"taxable","14":"shipping-taxable","15":"purchasable","16":"product-type-variable","17":"has-default-attributes"},"_links":{"self":[{"href":"https:\/\/www.kavs.net\/sl\/wp-json\/wp\/v2\/product\/8503","targetHints":{"allow":["GET"]}}],"collection":[{"href":"https:\/\/www.kavs.net\/sl\/wp-json\/wp\/v2\/product"}],"about":[{"href":"https:\/\/www.kavs.net\/sl\/wp-json\/wp\/v2\/types\/product"}],"wp:featuredmedia":[{"embeddable":true,"href":"https:\/\/www.kavs.net\/sl\/wp-json\/wp\/v2\/media\/8535"}],"wp:attachment":[{"href":"https:\/\/www.kavs.net\/sl\/wp-json\/wp\/v2\/media?parent=8503"}],"wp:term":[{"taxonomy":"product_brand","embeddable":true,"href":"https:\/\/www.kavs.net\/sl\/wp-json\/wp\/v2\/product_brand?post=8503"},{"taxonomy":"product_cat","embeddable":true,"href":"https:\/\/www.kavs.net\/sl\/wp-json\/wp\/v2\/product_cat?post=8503"},{"taxonomy":"product_tag","embeddable":true,"href":"https:\/\/www.kavs.net\/sl\/wp-json\/wp\/v2\/product_tag?post=8503"},{"taxonomy":"avtomobil","embeddable":true,"href":"https:\/\/www.kavs.net\/sl\/wp-json\/wp\/v2\/avtomobil?post=8503"}],"curies":[{"name":"wp","href":"https:\/\/api.w.org\/{rel}","templated":true}]}}