{"id":8283,"date":"2026-01-29T16:03:05","date_gmt":"2026-01-29T15:03:05","guid":{"rendered":"https:\/\/www.kavs.net\/?post_type=product&#038;p=8283"},"modified":"2026-01-29T16:12:02","modified_gmt":"2026-01-29T15:12:02","slug":"mini-kmt-supercharger-pulley-thermo-kit-includin-82c-thermostat","status":"publish","type":"product","link":"https:\/\/www.kavs.net\/sl\/izdelek\/mini-kmt-supercharger-pulley-thermo-kit-includin-82c-thermostat\/","title":{"rendered":"MINI KMT Supercharger Pulley Thermo KIT includin 82\u00b0C Thermostat"},"content":{"rendered":"<p>\u017de narejen kit z sve\u010dkami in jermenom za na\u0161o MINI kompresorsko jermenico ter 82\u00b0C termostatom.<\/p>\n","protected":false},"excerpt":{"rendered":"<p>MINI Cooper S R53 \/ KMT Supercharger Pulley Thermo Kit includin 82\u00b0C Thermostat<\/p>\n","protected":false},"featured_media":5583,"template":"","meta":[],"product_brand":[],"product_cat":[228],"product_tag":[234],"avtomobil":[],"class_list":{"0":"post-8283","1":"product","2":"type-product","3":"status-publish","4":"has-post-thumbnail","6":"product_cat-mini-tuning","7":"product_tag-mini-cooper-s-r53","9":"first","10":"instock","11":"sale","12":"featured","13":"taxable","14":"shipping-taxable","15":"purchasable","16":"product-type-variable","17":"has-default-attributes"},"_links":{"self":[{"href":"https:\/\/www.kavs.net\/sl\/wp-json\/wp\/v2\/product\/8283","targetHints":{"allow":["GET"]}}],"collection":[{"href":"https:\/\/www.kavs.net\/sl\/wp-json\/wp\/v2\/product"}],"about":[{"href":"https:\/\/www.kavs.net\/sl\/wp-json\/wp\/v2\/types\/product"}],"wp:featuredmedia":[{"embeddable":true,"href":"https:\/\/www.kavs.net\/sl\/wp-json\/wp\/v2\/media\/5583"}],"wp:attachment":[{"href":"https:\/\/www.kavs.net\/sl\/wp-json\/wp\/v2\/media?parent=8283"}],"wp:term":[{"taxonomy":"product_brand","embeddable":true,"href":"https:\/\/www.kavs.net\/sl\/wp-json\/wp\/v2\/product_brand?post=8283"},{"taxonomy":"product_cat","embeddable":true,"href":"https:\/\/www.kavs.net\/sl\/wp-json\/wp\/v2\/product_cat?post=8283"},{"taxonomy":"product_tag","embeddable":true,"href":"https:\/\/www.kavs.net\/sl\/wp-json\/wp\/v2\/product_tag?post=8283"},{"taxonomy":"avtomobil","embeddable":true,"href":"https:\/\/www.kavs.net\/sl\/wp-json\/wp\/v2\/avtomobil?post=8283"}],"curies":[{"name":"wp","href":"https:\/\/api.w.org\/{rel}","templated":true}]}}