{"id":8228,"date":"2025-12-05T11:15:45","date_gmt":"2025-12-05T10:15:45","guid":{"rendered":"https:\/\/www.kavs.net\/?post_type=product&#038;p=8228"},"modified":"2025-12-05T11:25:47","modified_gmt":"2025-12-05T10:25:47","slug":"pekac60x40","status":"publish","type":"product","link":"https:\/\/www.kavs.net\/sl\/izdelek\/pekac60x40\/","title":{"rendered":"Peka\u010d poln trirobi 60x40cm z PREMIUM ZELENIM premazom"},"content":{"rendered":"<p>V podjetju izdelujemo <strong>peka\u010de<\/strong> za peko kruha, sla\u0161\u010dic in drugih pekarskih izdelkov. <strong>Na\u0161i peka\u010di so izdelani iz razli\u010dnih materialov: <\/strong>aluminija, aluminizirane plo\u010devine, inoxa ter po \u017eelji kupca tudi prevle\u010deni s<strong> PTFE premazom<\/strong>. <strong>Izdelamo lahko vse vrste peka\u010dev:<\/strong> za peko toasta, prepe\u010denca, francoskih \u0161truc, hamburger \u017eemljic, trirobe peka\u010de, perforirane ali polne, z okvirjem ali brez okvirja. Vsak <span class=\"il\">peka\u010d<\/span> lahko izdelamo posebej po \u017eeljah stranke.<\/p>\n","protected":false},"excerpt":{"rendered":"<p>V podjetju izdelujemo peka\u010de za peko kruha, sla\u0161\u010dic in drugih pekarskih izdelkov. Na\u0161i peka\u010di so izdelani iz razli\u010dnih materialov: aluminija, aluminizirane plo\u010devine, inoxa ter po \u017eelji kupca tudi prevle\u010deni s<\/p>\n","protected":false},"featured_media":8230,"template":"","meta":[],"product_brand":[],"product_cat":[227],"product_tag":[],"avtomobil":[],"class_list":{"0":"post-8228","1":"product","2":"type-product","3":"status-publish","4":"has-post-thumbnail","6":"product_cat-pekaci","8":"first","9":"instock","10":"sale","11":"taxable","12":"shipping-taxable","13":"purchasable","14":"product-type-simple"},"_links":{"self":[{"href":"https:\/\/www.kavs.net\/sl\/wp-json\/wp\/v2\/product\/8228","targetHints":{"allow":["GET"]}}],"collection":[{"href":"https:\/\/www.kavs.net\/sl\/wp-json\/wp\/v2\/product"}],"about":[{"href":"https:\/\/www.kavs.net\/sl\/wp-json\/wp\/v2\/types\/product"}],"wp:featuredmedia":[{"embeddable":true,"href":"https:\/\/www.kavs.net\/sl\/wp-json\/wp\/v2\/media\/8230"}],"wp:attachment":[{"href":"https:\/\/www.kavs.net\/sl\/wp-json\/wp\/v2\/media?parent=8228"}],"wp:term":[{"taxonomy":"product_brand","embeddable":true,"href":"https:\/\/www.kavs.net\/sl\/wp-json\/wp\/v2\/product_brand?post=8228"},{"taxonomy":"product_cat","embeddable":true,"href":"https:\/\/www.kavs.net\/sl\/wp-json\/wp\/v2\/product_cat?post=8228"},{"taxonomy":"product_tag","embeddable":true,"href":"https:\/\/www.kavs.net\/sl\/wp-json\/wp\/v2\/product_tag?post=8228"},{"taxonomy":"avtomobil","embeddable":true,"href":"https:\/\/www.kavs.net\/sl\/wp-json\/wp\/v2\/avtomobil?post=8228"}],"curies":[{"name":"wp","href":"https:\/\/api.w.org\/{rel}","templated":true}]}}