{"id":7624,"date":"2024-02-21T18:47:24","date_gmt":"2024-02-21T17:47:24","guid":{"rendered":"https:\/\/www.kavs.net\/?post_type=product&#038;p=7624"},"modified":"2024-11-26T12:16:58","modified_gmt":"2024-11-26T11:16:58","slug":"peugeot208rally4tarmac","status":"publish","type":"product","link":"https:\/\/www.kavs.net\/sl\/izdelek\/peugeot208rally4tarmac\/","title":{"rendered":"Distan\u010dnik PEUGEOT 208 Rally 4 &#8211; Asfaltna verzija"},"content":{"rendered":"<p>Set izbolj\u0161anih distan\u010dnikov za va\u0161ega Peugeota 208 Rally 4 za asfaltno verzijo.<\/p>\n<p>Ker imajo omenjeni avti konstrukcijsko napako na vpetju koles prednje osi se velikokrat zgodi, da potrga stojne vijake in vam tako odleti kolo sredi brzinca.<\/p>\n<p>Ker je to zelo nevarno in ker smo tudi sami izkusili to neprijetno izku\u0161njo na enem od rentanih vozil na brzincu smo takoj po tem, ko smo ugotovili, da gre v bistvu za konstrukcijsko napako takoj razvili bolj\u0161o verzijo\u00a0 prednjih distan\u010dnikov.<\/p>\n<p>Distan\u010dnike smo dizajnirali na podlagi dolgoletnih izku\u0161enj z ve\u010d kot 50.000 km dirka\u0161kih kilometrov na stezah \u0161irom po Evropi. V podjetju se profesionalno ukvarjamo z izbolj\u0161avami vozil \u017ee ve\u010d kot 20 let in nemalo polomljenih vijakov se je \u017ee zgodilo na na\u0161i za\u010detni dirka\u0161ki poti. Zato smo kolesne distan\u010dnike razvijali in testirali v razli\u010dne smeri, da smo dobili optimalne re\u0161itve in rezultate.<\/p>\n<p>V omenjeni set dveh notranjih in dveh zunanjih distan\u010dnikov za va\u0161 Peugeot 208 Rally 4 smo implementirali \u010disto vse re\u0161itve, ki so v pomo\u010d, da se ta tovarni\u0161ka napaka zmanj\u0161a na minimum.<\/p>\n<p>Distan\u010dniki so enakih dimenzij, kot so originalni seveda pa lahko na \u017eeljo stranke zunanjega \u0161irimo ali o\u017eamo na podlagi specifi\u010dnih \u017eelja glede voznih lastnosti va\u0161ega vozila.<\/p>\n<p>Ob tem naj vas opomnimo, da je po FIA pravilniku izbira kolesnih distan\u010dnikov prosta, tako da distan\u010dniki ustrezajo va\u0161emu dirkalniku tudi na tehni\u010dnih pregledih Rally-ja.<\/p>\n","protected":false},"excerpt":{"rendered":"<p>Set distan\u010dnikov za Peugeot 208 Rally 4 &#8211; Asfalt<\/p>\n<p>&nbsp;<\/p>\n","protected":false},"featured_media":7630,"template":"","meta":[],"product_brand":[],"product_cat":[236,235],"product_tag":[],"avtomobil":[],"class_list":{"0":"post-7624","1":"product","2":"type-product","3":"status-publish","4":"has-post-thumbnail","6":"product_cat-distancniki","7":"product_cat-other-brands-tuning","8":"pa_razmak-med-vijaki-4x108","10":"first","11":"instock","12":"sale","13":"taxable","14":"shipping-taxable","15":"purchasable","16":"product-type-simple"},"_links":{"self":[{"href":"https:\/\/www.kavs.net\/sl\/wp-json\/wp\/v2\/product\/7624","targetHints":{"allow":["GET"]}}],"collection":[{"href":"https:\/\/www.kavs.net\/sl\/wp-json\/wp\/v2\/product"}],"about":[{"href":"https:\/\/www.kavs.net\/sl\/wp-json\/wp\/v2\/types\/product"}],"wp:featuredmedia":[{"embeddable":true,"href":"https:\/\/www.kavs.net\/sl\/wp-json\/wp\/v2\/media\/7630"}],"wp:attachment":[{"href":"https:\/\/www.kavs.net\/sl\/wp-json\/wp\/v2\/media?parent=7624"}],"wp:term":[{"taxonomy":"product_brand","embeddable":true,"href":"https:\/\/www.kavs.net\/sl\/wp-json\/wp\/v2\/product_brand?post=7624"},{"taxonomy":"product_cat","embeddable":true,"href":"https:\/\/www.kavs.net\/sl\/wp-json\/wp\/v2\/product_cat?post=7624"},{"taxonomy":"product_tag","embeddable":true,"href":"https:\/\/www.kavs.net\/sl\/wp-json\/wp\/v2\/product_tag?post=7624"},{"taxonomy":"avtomobil","embeddable":true,"href":"https:\/\/www.kavs.net\/sl\/wp-json\/wp\/v2\/avtomobil?post=7624"}],"curies":[{"name":"wp","href":"https:\/\/api.w.org\/{rel}","templated":true}]}}