{"id":7603,"date":"2024-02-10T17:25:09","date_gmt":"2024-02-10T16:25:09","guid":{"rendered":"https:\/\/www.kavs.net\/?post_type=product&#038;p=7603"},"modified":"2025-12-05T11:13:50","modified_gmt":"2025-12-05T10:13:50","slug":"skatlasti-profesionalni-pekac-slovenske-kakovosti-z-kvalitetnim-non-stick-premazom","status":"publish","type":"product","link":"https:\/\/www.kavs.net\/sl\/izdelek\/skatlasti-profesionalni-pekac-slovenske-kakovosti-z-kvalitetnim-non-stick-premazom\/","title":{"rendered":"\u0160katlasti Peka\u010d Slovenske Kakovosti z kvalitetnim NON STICK premazom &#8211; razli\u010dne dimenzije"},"content":{"rendered":"<p>V podjetju Kovinoplast KAVS izdelujemo <strong>peka\u010de<\/strong> za peko kruha, sla\u0161\u010dic in drugih pekarskih izdelkov \u017ee preko 40 let<strong> in smo vodilni na obmo\u010dju Slovenije. Na\u0161i peka\u010di so lahko izdelani iz razli\u010dnih materialov: <\/strong>aluminija, aluminizirane plo\u010devine, inoxa ter po \u017eelji kupca tudi prevle\u010deni s<strong> neoprijemljivimi premazi najbolj\u0161ega proizvajalca na svetu<\/strong>.<\/p>\n<p><strong>Izdelamo vam lahko vse vrste peka\u010dev:<\/strong> za peko toasta, prepe\u010denca, francoskih \u0161truc, hamburger \u017eemljic, trirobe peka\u010de, perforirane ali polne, z okvirjem ali brez okvirja. Vsak <span class=\"il\">peka\u010d<\/span> lahko izdelamo posebej po \u017eeljah stranke.<\/p>\n","protected":false},"excerpt":{"rendered":"<p>V podjetju Kovinoplast KAVS izdelujemo peka\u010de za peko kruha, sla\u0161\u010dic in drugih pekarskih izdelkov \u017ee preko 40 let in smo vodilni na obmo\u010dju Slovenije. Na\u0161i peka\u010di so lahko izdelani iz<\/p>\n","protected":false},"featured_media":5370,"template":"","meta":[],"product_brand":[],"product_cat":[227],"product_tag":[],"avtomobil":[],"class_list":{"0":"post-7603","1":"product","2":"type-product","3":"status-publish","4":"has-post-thumbnail","6":"product_cat-pekaci","8":"first","9":"instock","10":"sale","11":"taxable","12":"shipping-taxable","13":"purchasable","14":"product-type-variable","15":"has-default-attributes"},"_links":{"self":[{"href":"https:\/\/www.kavs.net\/sl\/wp-json\/wp\/v2\/product\/7603","targetHints":{"allow":["GET"]}}],"collection":[{"href":"https:\/\/www.kavs.net\/sl\/wp-json\/wp\/v2\/product"}],"about":[{"href":"https:\/\/www.kavs.net\/sl\/wp-json\/wp\/v2\/types\/product"}],"wp:featuredmedia":[{"embeddable":true,"href":"https:\/\/www.kavs.net\/sl\/wp-json\/wp\/v2\/media\/5370"}],"wp:attachment":[{"href":"https:\/\/www.kavs.net\/sl\/wp-json\/wp\/v2\/media?parent=7603"}],"wp:term":[{"taxonomy":"product_brand","embeddable":true,"href":"https:\/\/www.kavs.net\/sl\/wp-json\/wp\/v2\/product_brand?post=7603"},{"taxonomy":"product_cat","embeddable":true,"href":"https:\/\/www.kavs.net\/sl\/wp-json\/wp\/v2\/product_cat?post=7603"},{"taxonomy":"product_tag","embeddable":true,"href":"https:\/\/www.kavs.net\/sl\/wp-json\/wp\/v2\/product_tag?post=7603"},{"taxonomy":"avtomobil","embeddable":true,"href":"https:\/\/www.kavs.net\/sl\/wp-json\/wp\/v2\/avtomobil?post=7603"}],"curies":[{"name":"wp","href":"https:\/\/api.w.org\/{rel}","templated":true}]}}