{"id":7243,"date":"2022-08-31T11:33:27","date_gmt":"2022-08-31T09:33:27","guid":{"rendered":"https:\/\/www.kavs.net\/?post_type=product&#038;p=7243"},"modified":"2024-12-07T08:55:52","modified_gmt":"2024-12-07T07:55:52","slug":"minicoopersengine","status":"publish","type":"product","link":"https:\/\/www.kavs.net\/sl\/izdelek\/minicoopersengine\/","title":{"rendered":"MINI Cooper S R53 W11B16 Engine &#8211; BRAND NEW"},"content":{"rendered":"<p>Motor za MINI Cooper S R53 2002-2006 (Kabriolet 2007).<\/p>\n<p>Popolnoma nov &#8211; tovarni\u0161ki. Idealna prilo\u017enost za obnovo va\u0161ega R53 MINI ja ali izdelavo kak\u0161nega dirkalnega avta. Glavnih gredi se ne dobi ve\u010d, ker jih proizvajalec ne dela. To pa je zadnja oz. ena zadnjih prilo\u017enosti, da pridete do popolnoma novega tovarni\u0161kega motorja!<\/p>\n<p>Motor se ne da poslati po po\u0161ti, zato nas pred nakupom kontaktirajte za stro\u0161ke dobave. Mo\u017een tudi prevzem!<\/p>\n","protected":false},"excerpt":{"rendered":"<p>MINI Cooper S ENGINE<\/p>\n","protected":false},"featured_media":7245,"template":"","meta":[],"product_brand":[],"product_cat":[228],"product_tag":[],"avtomobil":[],"class_list":{"0":"post-7243","1":"product","2":"type-product","3":"status-publish","4":"has-post-thumbnail","6":"product_cat-mini-tuning","8":"first","9":"instock","10":"sale","11":"taxable","12":"shipping-taxable","13":"purchasable","14":"product-type-simple"},"_links":{"self":[{"href":"https:\/\/www.kavs.net\/sl\/wp-json\/wp\/v2\/product\/7243","targetHints":{"allow":["GET"]}}],"collection":[{"href":"https:\/\/www.kavs.net\/sl\/wp-json\/wp\/v2\/product"}],"about":[{"href":"https:\/\/www.kavs.net\/sl\/wp-json\/wp\/v2\/types\/product"}],"wp:featuredmedia":[{"embeddable":true,"href":"https:\/\/www.kavs.net\/sl\/wp-json\/wp\/v2\/media\/7245"}],"wp:attachment":[{"href":"https:\/\/www.kavs.net\/sl\/wp-json\/wp\/v2\/media?parent=7243"}],"wp:term":[{"taxonomy":"product_brand","embeddable":true,"href":"https:\/\/www.kavs.net\/sl\/wp-json\/wp\/v2\/product_brand?post=7243"},{"taxonomy":"product_cat","embeddable":true,"href":"https:\/\/www.kavs.net\/sl\/wp-json\/wp\/v2\/product_cat?post=7243"},{"taxonomy":"product_tag","embeddable":true,"href":"https:\/\/www.kavs.net\/sl\/wp-json\/wp\/v2\/product_tag?post=7243"},{"taxonomy":"avtomobil","embeddable":true,"href":"https:\/\/www.kavs.net\/sl\/wp-json\/wp\/v2\/avtomobil?post=7243"}],"curies":[{"name":"wp","href":"https:\/\/api.w.org\/{rel}","templated":true}]}}