{"id":6901,"date":"2022-01-16T20:12:48","date_gmt":"2022-01-16T19:12:48","guid":{"rendered":"https:\/\/www.kavs.net\/?post_type=product&#038;p=6901"},"modified":"2024-12-06T09:35:05","modified_gmt":"2024-12-06T08:35:05","slug":"mini-cooper-s-r53-front-wheel-hub-extend","status":"publish","type":"product","link":"https:\/\/www.kavs.net\/sl\/izdelek\/mini-cooper-s-r53-front-wheel-hub-extend\/","title":{"rendered":"Mini Cooper S R53 Front Wheel Hub Extend"},"content":{"rendered":"<p>Podalj\u0161ek prednjega pesta za monta\u017eo distan\u010dnikov brez centrirnega roba.<\/p>\n","protected":false},"excerpt":{"rendered":"<p>Mini Cooper S R53 Front Wheel Hub Extend<\/p>\n","protected":false},"featured_media":6870,"template":"","meta":[],"product_brand":[],"product_cat":[228],"product_tag":[],"avtomobil":[],"class_list":{"0":"post-6901","1":"product","2":"type-product","3":"status-publish","4":"has-post-thumbnail","6":"product_cat-mini-tuning","8":"first","9":"instock","10":"taxable","11":"shipping-taxable","12":"purchasable","13":"product-type-simple"},"_links":{"self":[{"href":"https:\/\/www.kavs.net\/sl\/wp-json\/wp\/v2\/product\/6901","targetHints":{"allow":["GET"]}}],"collection":[{"href":"https:\/\/www.kavs.net\/sl\/wp-json\/wp\/v2\/product"}],"about":[{"href":"https:\/\/www.kavs.net\/sl\/wp-json\/wp\/v2\/types\/product"}],"wp:featuredmedia":[{"embeddable":true,"href":"https:\/\/www.kavs.net\/sl\/wp-json\/wp\/v2\/media\/6870"}],"wp:attachment":[{"href":"https:\/\/www.kavs.net\/sl\/wp-json\/wp\/v2\/media?parent=6901"}],"wp:term":[{"taxonomy":"product_brand","embeddable":true,"href":"https:\/\/www.kavs.net\/sl\/wp-json\/wp\/v2\/product_brand?post=6901"},{"taxonomy":"product_cat","embeddable":true,"href":"https:\/\/www.kavs.net\/sl\/wp-json\/wp\/v2\/product_cat?post=6901"},{"taxonomy":"product_tag","embeddable":true,"href":"https:\/\/www.kavs.net\/sl\/wp-json\/wp\/v2\/product_tag?post=6901"},{"taxonomy":"avtomobil","embeddable":true,"href":"https:\/\/www.kavs.net\/sl\/wp-json\/wp\/v2\/avtomobil?post=6901"}],"curies":[{"name":"wp","href":"https:\/\/api.w.org\/{rel}","templated":true}]}}