{"id":6875,"date":"2022-01-16T19:14:18","date_gmt":"2022-01-16T18:14:18","guid":{"rendered":"https:\/\/www.kavs.net\/?post_type=product&#038;p=6875"},"modified":"2022-01-16T19:19:36","modified_gmt":"2022-01-16T18:19:36","slug":"mini-cooper-s-r53-intake-manifold-coating","status":"publish","type":"product","link":"https:\/\/www.kavs.net\/sl\/izdelek\/mini-cooper-s-r53-intake-manifold-coating\/","title":{"rendered":"MINI Cooper S R53 Intake Manifold &#8211; Coating"},"content":{"rendered":"<p>Sesalni kolektor s \u010drno PTFE prevleko za ve\u010dji pretok zraka in lep\u0161i izgled.<\/p>\n","protected":false},"excerpt":{"rendered":"<p>MINI Cooper S R53 PTFE Coated Intake Manifold<\/p>\n","protected":false},"featured_media":6868,"template":"","meta":[],"product_brand":[],"product_cat":[228],"product_tag":[],"avtomobil":[],"class_list":{"0":"post-6875","1":"product","2":"type-product","3":"status-publish","4":"has-post-thumbnail","6":"product_cat-mini-tuning","8":"first","9":"instock","10":"taxable","11":"shipping-taxable","12":"purchasable","13":"product-type-variable","14":"has-default-attributes"},"_links":{"self":[{"href":"https:\/\/www.kavs.net\/sl\/wp-json\/wp\/v2\/product\/6875","targetHints":{"allow":["GET"]}}],"collection":[{"href":"https:\/\/www.kavs.net\/sl\/wp-json\/wp\/v2\/product"}],"about":[{"href":"https:\/\/www.kavs.net\/sl\/wp-json\/wp\/v2\/types\/product"}],"wp:featuredmedia":[{"embeddable":true,"href":"https:\/\/www.kavs.net\/sl\/wp-json\/wp\/v2\/media\/6868"}],"wp:attachment":[{"href":"https:\/\/www.kavs.net\/sl\/wp-json\/wp\/v2\/media?parent=6875"}],"wp:term":[{"taxonomy":"product_brand","embeddable":true,"href":"https:\/\/www.kavs.net\/sl\/wp-json\/wp\/v2\/product_brand?post=6875"},{"taxonomy":"product_cat","embeddable":true,"href":"https:\/\/www.kavs.net\/sl\/wp-json\/wp\/v2\/product_cat?post=6875"},{"taxonomy":"product_tag","embeddable":true,"href":"https:\/\/www.kavs.net\/sl\/wp-json\/wp\/v2\/product_tag?post=6875"},{"taxonomy":"avtomobil","embeddable":true,"href":"https:\/\/www.kavs.net\/sl\/wp-json\/wp\/v2\/avtomobil?post=6875"}],"curies":[{"name":"wp","href":"https:\/\/api.w.org\/{rel}","templated":true}]}}