{"id":6731,"date":"2021-01-22T09:05:03","date_gmt":"2021-01-22T08:05:03","guid":{"rendered":"https:\/\/www.kavs.net\/izdelek\/vijak-stojni-mini-bmw-lotus-m12-x-15-dolzina-45-mm\/"},"modified":"2022-01-04T16:02:04","modified_gmt":"2022-01-04T15:02:04","slug":"vijak-stojni-mini-bmw-lotus-m12-x-15-dolzina-45-mm","status":"publish","type":"product","link":"https:\/\/www.kavs.net\/sl\/izdelek\/vijak-stojni-mini-bmw-lotus-m12-x-15-dolzina-45-mm\/","title":{"rendered":"Vijak stojni MINI-BMW-LOTUS M12 x 1,5 Dol\u017eina: 45 mm"},"content":{"rendered":"<p>Stojni vijak za vozila MINI, BMW, LOTUS &#8211; za vsa vozila z M12x1.5 vijaki. Dol\u017eina uporabnega navoja po monta\u017ei je 47mm. Celotna dol\u017eina 75mm. Cena velja za 1 kos.<\/p>\n","protected":false},"excerpt":{"rendered":"<p>Slika vijakov je simboli\u010dna<\/p>\n","protected":false},"featured_media":6732,"template":"","meta":[],"product_brand":[],"product_cat":[1207],"product_tag":[],"avtomobil":[348,516,521,522,526,528,530,533,535,561],"class_list":{"0":"post-6731","1":"product","2":"type-product","3":"status-publish","4":"has-post-thumbnail","6":"product_cat-vijaki","7":"avtomobil-bmw","8":"avtomobil-lotus","9":"avtomobil-mini","10":"avtomobil-mini-cooper-2001-2006","11":"avtomobil-mini-cooper-r53-2002-2007","12":"avtomobil-mini-cooper-s-2001-2006","13":"avtomobil-mini-cooper-s-r53-2002-2007","14":"avtomobil-mini-one-2001-2006","15":"avtomobil-mini-one-r53-2002-2007","16":"avtomobil-opel-vauxhall","18":"first","19":"instock","20":"taxable","21":"shipping-taxable","22":"purchasable","23":"product-type-simple"},"_links":{"self":[{"href":"https:\/\/www.kavs.net\/sl\/wp-json\/wp\/v2\/product\/6731","targetHints":{"allow":["GET"]}}],"collection":[{"href":"https:\/\/www.kavs.net\/sl\/wp-json\/wp\/v2\/product"}],"about":[{"href":"https:\/\/www.kavs.net\/sl\/wp-json\/wp\/v2\/types\/product"}],"wp:featuredmedia":[{"embeddable":true,"href":"https:\/\/www.kavs.net\/sl\/wp-json\/wp\/v2\/media\/6732"}],"wp:attachment":[{"href":"https:\/\/www.kavs.net\/sl\/wp-json\/wp\/v2\/media?parent=6731"}],"wp:term":[{"taxonomy":"product_brand","embeddable":true,"href":"https:\/\/www.kavs.net\/sl\/wp-json\/wp\/v2\/product_brand?post=6731"},{"taxonomy":"product_cat","embeddable":true,"href":"https:\/\/www.kavs.net\/sl\/wp-json\/wp\/v2\/product_cat?post=6731"},{"taxonomy":"product_tag","embeddable":true,"href":"https:\/\/www.kavs.net\/sl\/wp-json\/wp\/v2\/product_tag?post=6731"},{"taxonomy":"avtomobil","embeddable":true,"href":"https:\/\/www.kavs.net\/sl\/wp-json\/wp\/v2\/avtomobil?post=6731"}],"curies":[{"name":"wp","href":"https:\/\/api.w.org\/{rel}","templated":true}]}}