{"id":6650,"date":"2018-10-11T07:53:37","date_gmt":"2018-10-11T05:53:37","guid":{"rendered":"https:\/\/www.kavs.net\/izdelek\/vijak-konus-m12-x-15-dolzina-45-mm-crni\/"},"modified":"2022-01-04T16:01:05","modified_gmt":"2022-01-04T15:01:05","slug":"vijak-konus-m12-x-15-dolzina-45-mm-crni","status":"publish","type":"product","link":"https:\/\/www.kavs.net\/sl\/izdelek\/vijak-konus-m12-x-15-dolzina-45-mm-crni\/","title":{"rendered":"Vijak (konus) M12 x 1,5 Dol\u017eina: 45 mm \u010cRNI"},"content":{"rendered":"","protected":false},"excerpt":{"rendered":"<p>Slika vijakov je simboli\u010dna<\/p>\n","protected":false},"featured_media":6609,"template":"","meta":[],"product_brand":[],"product_cat":[1207],"product_tag":[],"avtomobil":[],"class_list":{"0":"post-6650","1":"product","2":"type-product","3":"status-publish","4":"has-post-thumbnail","6":"product_cat-vijaki","8":"first","9":"instock","10":"taxable","11":"shipping-taxable","12":"purchasable","13":"product-type-simple"},"_links":{"self":[{"href":"https:\/\/www.kavs.net\/sl\/wp-json\/wp\/v2\/product\/6650","targetHints":{"allow":["GET"]}}],"collection":[{"href":"https:\/\/www.kavs.net\/sl\/wp-json\/wp\/v2\/product"}],"about":[{"href":"https:\/\/www.kavs.net\/sl\/wp-json\/wp\/v2\/types\/product"}],"wp:featuredmedia":[{"embeddable":true,"href":"https:\/\/www.kavs.net\/sl\/wp-json\/wp\/v2\/media\/6609"}],"wp:attachment":[{"href":"https:\/\/www.kavs.net\/sl\/wp-json\/wp\/v2\/media?parent=6650"}],"wp:term":[{"taxonomy":"product_brand","embeddable":true,"href":"https:\/\/www.kavs.net\/sl\/wp-json\/wp\/v2\/product_brand?post=6650"},{"taxonomy":"product_cat","embeddable":true,"href":"https:\/\/www.kavs.net\/sl\/wp-json\/wp\/v2\/product_cat?post=6650"},{"taxonomy":"product_tag","embeddable":true,"href":"https:\/\/www.kavs.net\/sl\/wp-json\/wp\/v2\/product_tag?post=6650"},{"taxonomy":"avtomobil","embeddable":true,"href":"https:\/\/www.kavs.net\/sl\/wp-json\/wp\/v2\/avtomobil?post=6650"}],"curies":[{"name":"wp","href":"https:\/\/api.w.org\/{rel}","templated":true}]}}