{"id":6496,"date":"2021-09-19T20:57:53","date_gmt":"2021-09-19T18:57:53","guid":{"rendered":"https:\/\/www.kavs.net\/?post_type=product&#038;p=6496"},"modified":"2024-12-08T07:25:31","modified_gmt":"2024-12-08T06:25:31","slug":"mini-kmt-supercharger-pulley-kit-1-plus1","status":"publish","type":"product","link":"https:\/\/www.kavs.net\/sl\/izdelek\/mini-kmt-supercharger-pulley-kit-1-plus1\/","title":{"rendered":"MINI KMT Supercharger Pulley KIT 1 PLUS1"},"content":{"rendered":"<p>\u017de narejen kit z sve\u010dkami in jermenom za na\u0161o MINI kompresorsko jermenico ter novim bla\u017eilcem jermena.<\/p>\n","protected":false},"excerpt":{"rendered":"<p>MINI Cooper S R53 \/ KMT Supercharger Pulley KIT 1 PLUS1<\/p>\n","protected":false},"featured_media":6493,"template":"","meta":[],"product_brand":[],"product_cat":[228],"product_tag":[234],"avtomobil":[],"class_list":{"0":"post-6496","1":"product","2":"type-product","3":"status-publish","4":"has-post-thumbnail","6":"product_cat-mini-tuning","7":"product_tag-mini-cooper-s-r53","9":"first","10":"instock","11":"sale","12":"featured","13":"taxable","14":"shipping-taxable","15":"purchasable","16":"product-type-variable","17":"has-default-attributes"},"_links":{"self":[{"href":"https:\/\/www.kavs.net\/sl\/wp-json\/wp\/v2\/product\/6496","targetHints":{"allow":["GET"]}}],"collection":[{"href":"https:\/\/www.kavs.net\/sl\/wp-json\/wp\/v2\/product"}],"about":[{"href":"https:\/\/www.kavs.net\/sl\/wp-json\/wp\/v2\/types\/product"}],"wp:featuredmedia":[{"embeddable":true,"href":"https:\/\/www.kavs.net\/sl\/wp-json\/wp\/v2\/media\/6493"}],"wp:attachment":[{"href":"https:\/\/www.kavs.net\/sl\/wp-json\/wp\/v2\/media?parent=6496"}],"wp:term":[{"taxonomy":"product_brand","embeddable":true,"href":"https:\/\/www.kavs.net\/sl\/wp-json\/wp\/v2\/product_brand?post=6496"},{"taxonomy":"product_cat","embeddable":true,"href":"https:\/\/www.kavs.net\/sl\/wp-json\/wp\/v2\/product_cat?post=6496"},{"taxonomy":"product_tag","embeddable":true,"href":"https:\/\/www.kavs.net\/sl\/wp-json\/wp\/v2\/product_tag?post=6496"},{"taxonomy":"avtomobil","embeddable":true,"href":"https:\/\/www.kavs.net\/sl\/wp-json\/wp\/v2\/avtomobil?post=6496"}],"curies":[{"name":"wp","href":"https:\/\/api.w.org\/{rel}","templated":true}]}}