{"id":5758,"date":"2021-03-25T18:32:39","date_gmt":"2021-03-25T17:32:39","guid":{"rendered":"https:\/\/www.kavs.net\/?post_type=product&#038;p=5758"},"modified":"2022-01-17T12:15:13","modified_gmt":"2022-01-17T11:15:13","slug":"distancnik-ford-63-4-4x108-15-mm-black-set-z-vijaki","status":"publish","type":"product","link":"https:\/\/www.kavs.net\/sl\/izdelek\/distancnik-ford-63-4-4x108-15-mm-black-set-z-vijaki\/","title":{"rendered":"Distan\u010dnik FORD 63.4, 4&#215;108, 15 mm BLACK set z Vijaki"},"content":{"rendered":"<p>Kolesni distan\u010dniki so plod na\u0161ih dolgoletnih izku\u0161enj z mehansko obdelavo kovin in CNC obdelovanjem. S programom MINI smo se leta 2005 aktivno vklju\u010dili v program motorsporta, za avtomobilsko industrijo pa delamo \u017ee preko 30 let.<\/p>\n<p>Odlikuje nas visoka kakovost, potrjena z raznimi proizvodnjimi certifikati.<\/p>\n<p>Na\u0161a prednost je, da smo direktni dobavitelji do kon\u010dnega kupca, tako lahko prisluhnemo tudi individualnim \u017eeljam pri izdelavi distan\u010dnikov.<\/p>\n<p>S kolesnimi distan\u010dniki vozilu izbolj\u0161amo tako izgled kot tudi vozne lastnosti zaradi \u0161ir\u0161ega koloteka.<\/p>\n<p>Ti distan\u010dniki nimajo TUV certifikata za homologacijo.<\/p>\n","protected":false},"excerpt":{"rendered":"<p>Distan\u010dnik FORD, 63,4, 4&#215;108 15 mm BLACK set z dalj\u0161imi stojnimi vijaki primerne dol\u017eine.<\/p>\n<p>&nbsp;<\/p>\n","protected":false},"featured_media":5762,"template":"","meta":[],"product_brand":[],"product_cat":[236],"product_tag":[],"avtomobil":[],"class_list":{"0":"post-5758","1":"product","2":"type-product","3":"status-publish","4":"has-post-thumbnail","6":"product_cat-distancniki","7":"pa_razmak-med-vijaki-4x108","9":"first","10":"instock","11":"sale","12":"taxable","13":"shipping-taxable","14":"purchasable","15":"product-type-simple"},"_links":{"self":[{"href":"https:\/\/www.kavs.net\/sl\/wp-json\/wp\/v2\/product\/5758","targetHints":{"allow":["GET"]}}],"collection":[{"href":"https:\/\/www.kavs.net\/sl\/wp-json\/wp\/v2\/product"}],"about":[{"href":"https:\/\/www.kavs.net\/sl\/wp-json\/wp\/v2\/types\/product"}],"wp:featuredmedia":[{"embeddable":true,"href":"https:\/\/www.kavs.net\/sl\/wp-json\/wp\/v2\/media\/5762"}],"wp:attachment":[{"href":"https:\/\/www.kavs.net\/sl\/wp-json\/wp\/v2\/media?parent=5758"}],"wp:term":[{"taxonomy":"product_brand","embeddable":true,"href":"https:\/\/www.kavs.net\/sl\/wp-json\/wp\/v2\/product_brand?post=5758"},{"taxonomy":"product_cat","embeddable":true,"href":"https:\/\/www.kavs.net\/sl\/wp-json\/wp\/v2\/product_cat?post=5758"},{"taxonomy":"product_tag","embeddable":true,"href":"https:\/\/www.kavs.net\/sl\/wp-json\/wp\/v2\/product_tag?post=5758"},{"taxonomy":"avtomobil","embeddable":true,"href":"https:\/\/www.kavs.net\/sl\/wp-json\/wp\/v2\/avtomobil?post=5758"}],"curies":[{"name":"wp","href":"https:\/\/api.w.org\/{rel}","templated":true}]}}