{"id":5613,"date":"2021-02-15T11:53:36","date_gmt":"2021-02-15T10:53:36","guid":{"rendered":"https:\/\/www.kavs.net\/izdelek\/import-placeholder-for-1553\/"},"modified":"2024-12-06T09:39:21","modified_gmt":"2024-12-06T08:39:21","slug":"kavs-motorsport-oil-pan-buffle-mini-coopercooper-s-2001-2006","status":"publish","type":"product","link":"https:\/\/www.kavs.net\/sl\/izdelek\/kavs-motorsport-oil-pan-buffle-mini-coopercooper-s-2001-2006\/","title":{"rendered":"KAVS Motorsport Oil Pan Buffle MINI Cooper&#038;Cooper S 2001-2006"},"content":{"rendered":"<p>Oljna posoda za prepre\u010devanje zra\u010dnih mehur\u010dkov pri ve\u010djih silah pri pospe\u0161evanjih itd.<\/p>\n","protected":false},"excerpt":{"rendered":"<p>Oil Pan Buffle MINI Cooper&amp;Cooper S<\/p>\n","protected":false},"featured_media":5619,"template":"","meta":[],"product_brand":[],"product_cat":[228],"product_tag":[],"avtomobil":[],"class_list":{"0":"post-5613","1":"product","2":"type-product","3":"status-publish","4":"has-post-thumbnail","6":"product_cat-mini-tuning","8":"first","9":"instock","10":"featured","11":"taxable","12":"shipping-taxable","13":"purchasable","14":"product-type-simple"},"_links":{"self":[{"href":"https:\/\/www.kavs.net\/sl\/wp-json\/wp\/v2\/product\/5613","targetHints":{"allow":["GET"]}}],"collection":[{"href":"https:\/\/www.kavs.net\/sl\/wp-json\/wp\/v2\/product"}],"about":[{"href":"https:\/\/www.kavs.net\/sl\/wp-json\/wp\/v2\/types\/product"}],"wp:featuredmedia":[{"embeddable":true,"href":"https:\/\/www.kavs.net\/sl\/wp-json\/wp\/v2\/media\/5619"}],"wp:attachment":[{"href":"https:\/\/www.kavs.net\/sl\/wp-json\/wp\/v2\/media?parent=5613"}],"wp:term":[{"taxonomy":"product_brand","embeddable":true,"href":"https:\/\/www.kavs.net\/sl\/wp-json\/wp\/v2\/product_brand?post=5613"},{"taxonomy":"product_cat","embeddable":true,"href":"https:\/\/www.kavs.net\/sl\/wp-json\/wp\/v2\/product_cat?post=5613"},{"taxonomy":"product_tag","embeddable":true,"href":"https:\/\/www.kavs.net\/sl\/wp-json\/wp\/v2\/product_tag?post=5613"},{"taxonomy":"avtomobil","embeddable":true,"href":"https:\/\/www.kavs.net\/sl\/wp-json\/wp\/v2\/avtomobil?post=5613"}],"curies":[{"name":"wp","href":"https:\/\/api.w.org\/{rel}","templated":true}]}}