{"id":5610,"date":"2021-02-15T11:53:36","date_gmt":"2021-02-15T10:53:36","guid":{"rendered":"https:\/\/www.kavs.net\/izdelek\/import-placeholder-for-1529\/"},"modified":"2024-11-26T12:21:24","modified_gmt":"2024-11-26T11:21:24","slug":"adjustable-lower-engine-mount-mini-cooper-and-mini-cooper-s-2001-2006","status":"publish","type":"product","link":"https:\/\/www.kavs.net\/sl\/izdelek\/adjustable-lower-engine-mount-mini-cooper-and-mini-cooper-s-2001-2006\/","title":{"rendered":"Adjustable lower engine mount MINI Cooper and MINI Cooper S 2001-2006"},"content":{"rendered":"<p>Nastavljiv nosilec motorja. Spodnji. Primeren za vse vrste uporabe. Sploh uporaben pri mo\u010dnej\u0161em stabilizatorju, saj se motor lahko malo zamika s tem nosilcem. Ali pri monta\u017ei turbota.<\/p>\n","protected":false},"excerpt":{"rendered":"<p>Adjustable lower engine mount<\/p>\n","protected":false},"featured_media":5614,"template":"","meta":[],"product_brand":[],"product_cat":[228],"product_tag":[],"avtomobil":[],"class_list":{"0":"post-5610","1":"product","2":"type-product","3":"status-publish","4":"has-post-thumbnail","6":"product_cat-mini-tuning","8":"first","9":"instock","10":"sale","11":"featured","12":"taxable","13":"shipping-taxable","14":"purchasable","15":"product-type-simple"},"_links":{"self":[{"href":"https:\/\/www.kavs.net\/sl\/wp-json\/wp\/v2\/product\/5610","targetHints":{"allow":["GET"]}}],"collection":[{"href":"https:\/\/www.kavs.net\/sl\/wp-json\/wp\/v2\/product"}],"about":[{"href":"https:\/\/www.kavs.net\/sl\/wp-json\/wp\/v2\/types\/product"}],"wp:featuredmedia":[{"embeddable":true,"href":"https:\/\/www.kavs.net\/sl\/wp-json\/wp\/v2\/media\/5614"}],"wp:attachment":[{"href":"https:\/\/www.kavs.net\/sl\/wp-json\/wp\/v2\/media?parent=5610"}],"wp:term":[{"taxonomy":"product_brand","embeddable":true,"href":"https:\/\/www.kavs.net\/sl\/wp-json\/wp\/v2\/product_brand?post=5610"},{"taxonomy":"product_cat","embeddable":true,"href":"https:\/\/www.kavs.net\/sl\/wp-json\/wp\/v2\/product_cat?post=5610"},{"taxonomy":"product_tag","embeddable":true,"href":"https:\/\/www.kavs.net\/sl\/wp-json\/wp\/v2\/product_tag?post=5610"},{"taxonomy":"avtomobil","embeddable":true,"href":"https:\/\/www.kavs.net\/sl\/wp-json\/wp\/v2\/avtomobil?post=5610"}],"curies":[{"name":"wp","href":"https:\/\/api.w.org\/{rel}","templated":true}]}}