{"id":5577,"date":"2021-02-15T11:53:16","date_gmt":"2021-02-15T10:53:16","guid":{"rendered":"https:\/\/www.kavs.net\/izdelek\/import-placeholder-for-1313\/"},"modified":"2024-12-06T09:40:05","modified_gmt":"2024-12-06T08:40:05","slug":"mini-kmt-supercharger-pulley-kit-3","status":"publish","type":"product","link":"https:\/\/www.kavs.net\/sl\/izdelek\/mini-kmt-supercharger-pulley-kit-3\/","title":{"rendered":"MINI KMT Supercharger Pulley KIT 3"},"content":{"rendered":"<p>\u017de narejen kit z sve\u010dkami in jermenom za na\u0161o MINI kompresorsko jermenico, alternator in glavno gred.<\/p>\n","protected":false},"excerpt":{"rendered":"<p>MINI KMT Supercharger Pulley KIT 3<\/p>\n","protected":false},"featured_media":5583,"template":"","meta":[],"product_brand":[],"product_cat":[228],"product_tag":[],"avtomobil":[],"class_list":{"0":"post-5577","1":"product","2":"type-product","3":"status-publish","4":"has-post-thumbnail","6":"product_cat-mini-tuning","8":"first","9":"instock","10":"taxable","11":"shipping-taxable","12":"purchasable","13":"product-type-variable","14":"has-default-attributes"},"_links":{"self":[{"href":"https:\/\/www.kavs.net\/sl\/wp-json\/wp\/v2\/product\/5577","targetHints":{"allow":["GET"]}}],"collection":[{"href":"https:\/\/www.kavs.net\/sl\/wp-json\/wp\/v2\/product"}],"about":[{"href":"https:\/\/www.kavs.net\/sl\/wp-json\/wp\/v2\/types\/product"}],"wp:featuredmedia":[{"embeddable":true,"href":"https:\/\/www.kavs.net\/sl\/wp-json\/wp\/v2\/media\/5583"}],"wp:attachment":[{"href":"https:\/\/www.kavs.net\/sl\/wp-json\/wp\/v2\/media?parent=5577"}],"wp:term":[{"taxonomy":"product_brand","embeddable":true,"href":"https:\/\/www.kavs.net\/sl\/wp-json\/wp\/v2\/product_brand?post=5577"},{"taxonomy":"product_cat","embeddable":true,"href":"https:\/\/www.kavs.net\/sl\/wp-json\/wp\/v2\/product_cat?post=5577"},{"taxonomy":"product_tag","embeddable":true,"href":"https:\/\/www.kavs.net\/sl\/wp-json\/wp\/v2\/product_tag?post=5577"},{"taxonomy":"avtomobil","embeddable":true,"href":"https:\/\/www.kavs.net\/sl\/wp-json\/wp\/v2\/avtomobil?post=5577"}],"curies":[{"name":"wp","href":"https:\/\/api.w.org\/{rel}","templated":true}]}}