{"id":5449,"date":"2021-02-15T11:38:52","date_gmt":"2021-02-15T10:38:52","guid":{"rendered":"https:\/\/www.kavs.net\/izdelek\/import-placeholder-for-1021\/"},"modified":"2021-04-28T14:27:54","modified_gmt":"2021-04-28T12:27:54","slug":"mini-cooper-s-63mm-enlarged-throttle-body","status":"publish","type":"product","link":"https:\/\/www.kavs.net\/sl\/izdelek\/mini-cooper-s-63mm-enlarged-throttle-body\/","title":{"rendered":"MINI Cooper S 63mm Enlarged Throttle Body"},"content":{"rendered":"<p>Pove\u010dana loputa zraka. Mo\u017enost predelave va\u0161e ali dostava nove.<\/p>\n","protected":false},"excerpt":{"rendered":"<p>MINI Cooper S 63mm Enlarged Throttle Body<\/p>\n","protected":false},"featured_media":5490,"template":"","meta":[],"product_brand":[],"product_cat":[228],"product_tag":[],"avtomobil":[],"class_list":{"0":"post-5449","1":"product","2":"type-product","3":"status-publish","4":"has-post-thumbnail","6":"product_cat-mini-tuning","8":"first","9":"instock","10":"taxable","11":"shipping-taxable","12":"purchasable","13":"product-type-variable"},"_links":{"self":[{"href":"https:\/\/www.kavs.net\/sl\/wp-json\/wp\/v2\/product\/5449","targetHints":{"allow":["GET"]}}],"collection":[{"href":"https:\/\/www.kavs.net\/sl\/wp-json\/wp\/v2\/product"}],"about":[{"href":"https:\/\/www.kavs.net\/sl\/wp-json\/wp\/v2\/types\/product"}],"wp:featuredmedia":[{"embeddable":true,"href":"https:\/\/www.kavs.net\/sl\/wp-json\/wp\/v2\/media\/5490"}],"wp:attachment":[{"href":"https:\/\/www.kavs.net\/sl\/wp-json\/wp\/v2\/media?parent=5449"}],"wp:term":[{"taxonomy":"product_brand","embeddable":true,"href":"https:\/\/www.kavs.net\/sl\/wp-json\/wp\/v2\/product_brand?post=5449"},{"taxonomy":"product_cat","embeddable":true,"href":"https:\/\/www.kavs.net\/sl\/wp-json\/wp\/v2\/product_cat?post=5449"},{"taxonomy":"product_tag","embeddable":true,"href":"https:\/\/www.kavs.net\/sl\/wp-json\/wp\/v2\/product_tag?post=5449"},{"taxonomy":"avtomobil","embeddable":true,"href":"https:\/\/www.kavs.net\/sl\/wp-json\/wp\/v2\/avtomobil?post=5449"}],"curies":[{"name":"wp","href":"https:\/\/api.w.org\/{rel}","templated":true}]}}