{"id":2183,"date":"2016-02-28T08:28:22","date_gmt":"2016-02-28T08:28:22","guid":{"rendered":"https:\/\/demo2.chethemes.com\/electro\/?page_id=2183"},"modified":"2025-09-01T11:02:11","modified_gmt":"2025-09-01T09:02:11","slug":"terms-and-conditions","status":"publish","type":"page","link":"https:\/\/www.kavs.net\/sl\/terms-and-conditions\/","title":{"rendered":"Splosni pogoji"},"content":{"rendered":"<div class=\"post-content\">\n<p>Splo\u0161ni pogoji poslovanja<\/p>\n<h2>SPLO\u0160NI PRODAJNI POGOJI KOVINOPLAST AMBRO\u017d KAVS S.P.<\/h2>\n<p>Izdaja: 09\/ 2025<\/p>\n<h2>\u00a01. SPLO\u0160NI POGOJI:<\/h2>\n<p>Splo\u0161ni pogoji spletne trgovine so sestavljeni v skladu z\u00a0<a href=\"http:\/\/www.uradni-list.si\/1\/objava.jsp?urlid=201178&amp;stevilka=3297\">Zakonom o varstvu potro\u0161nikov (ZVPot)<\/a>, Zakonom o varstvu osebnih podatkov (ZVOP-1) ter Zakonom o elektronskih komunikacijah (ZEKom-1). Pridr\u017eujemo si pravico do spremembe pogojev.<\/p>\n<p>S spletno trgovino (v nadaljevanju tudi \u00bb trgovina\u00ab) upravlja podjetje Kovinoplast Ambro\u017e Kavs s.p., Bre\u017ei\u010d 9, 5220 Tolmin, mati\u010dna \u0161tevilka podjetja: 3847845, dav\u010dna \u0161tevilka: SI20438931.<\/p>\n<p>Splo\u0161ni pogoji poslovanja dolo\u010dajo delovanje spletne trgovine, pravice in obveznosti uporabnika in trgovine ter urejajo poslovni odnos med podjetjem Kovinoplast Ambro\u017e Kavs s.p. in kupcem.<\/p>\n<p>Kupca zavezujejo splo\u0161ni pogoji, ki so veljavni v trenutku nakupa (oddaje spletnega naro\u010dila).<\/p>\n<p>S spletno trgovino (v nadaljevanju trgovina ) upravlja samostojni podjetnik Ambro\u017e Kavs (v nadaljevanju ponudnik). Zaradi vzdr\u017eevanja in nadgradnje spletne strani se lahko pojavijo v dostopu ob\u010dasne kratkotrajne omejitve.<\/p>\n<p>Uporabnik lahko izbira in naro\u010da izdelke, ki so na voljo v seznamu izdelkov. Vsi izdelki, navedeni na spletnih straneh trgovine so na voljo do odprodaje zalog. Kupoprodajna pogodba med ponudnikom in kupcem je sklenjena v trenutku, ko ponudnik potrdi naro\u010dilo in kupec prejme elektronsko sporo\u010dilo o potrditvi naro\u010dila. Cene in pogoji prodaje so od tega trenutka dalje obvezujo\u010di za ponudnika in kupca.<\/p>\n<p>Ponudnik se obvezuje, da bodo kupcu vedno na razpolago vsi podatki, ki zadevajo poslovanje spletne trgovine v odnosu do kupca.<\/p>\n<h2>\u00a02. VELJAVNOST POGOJEV:<\/h2>\n<p>V nadaljevanju navedeni pogoji veljajo za vsako prodajo oziroma dobavo izdelkov ali storitev s strani podjetja Kovinoplast Ambro\u017e Kavs s.p. od datuma potrditve vodstva podjetja in objave do preklica.<\/p>\n<p>Odstopanja od teh pogojev veljajo le v primeru, \u010de jih pisno potrdimo. Tudi ustni dogovori morajo biti pisno potrjeni.<\/p>\n<p>Za pisno potrdilo veljajo faksi, elektronska po\u0161ta in drugi mediji, na katerih je zapis mo\u017eno shraniti.<\/p>\n<p>Dogovorjeno odstopanje od posameznih to\u010dk splo\u0161nih prodajnih pogojev ne vpliva na veljavnost ostalih dolo\u010dil.<\/p>\n<p>Ob izstavitvi naro\u010dila, oziroma najkasneje ob prevzemu blaga, naro\u010dnik sprejme na\u0161e splo\u0161ne pogoje, \u010de niso le-ti v ponudbi ali pogodbi druga\u010de dolo\u010deni.<\/p>\n<h2>3. CENE ARTIKLOV<\/h2>\n<p>Vse cene so izra\u017eene v EUR.<br \/>\nProdajalec si pridr\u017euje pravico do spremembe cen brez predhodnega obvestila. O\u010ditne napake pri navedbi cene v ponudbi ali pri potrditvi naro\u010dila nas ne obvezujejo, da dobavimo blago po navedeni ceni.<\/p>\n<h2>4. PLA\u010cILA IN PLA\u010cILNI POGOJI<\/h2>\n<p>Minimalni znesek nakupa je 50,00 \u20ac.<\/p>\n<p><strong>PLA\u010cILO PO PREDRA\u010cUNU<\/strong><\/p>\n<p>Prosim, da znesek v navedenem roku pla\u010dila naka\u017eete na na\u0161 TRR odprt pri Novi KBM: SI56 044430113558541. V sklicu je potrebno navesti \u0161tevilko naro\u010dila. Blago mora biti pred opremo pla\u010dano v celoti.<\/p>\n<p><strong>PLA\u010cILO OB OSEBNEM PREVZEMU<\/strong><\/p>\n<p>Naro\u010deno blago je mo\u017eno prevzeti osebno na sede\u017eu na\u0161ega podjetja (kovinoplast Ambro\u017e Kavs s.p., Bre\u017ei\u010d 9, 5220 Tolmin). Blago je mogo\u010de prevzeti osebno po predhodnem pla\u010dilu (predra\u010dun) na poslovni ra\u010dun ponudnika. Blago se prevzame po dogovoru s ponudnikom, vendar ne prej, kot je pla\u010dilo razvidno na ra\u010dunu ponudnika. Kupec se s ponudnikom dogovori za prevzem prek e-po\u0161te ali telefona.<\/p>\n<h2>5. DOSTAVA IN DOBAVNI ROK<\/h2>\n<p>Cena za omejeno \u0161tevilo artiklov po vsej Sloveniji je odvisna od te\u017ee.\u00a0 Cena vklju\u010duje po\u0161iljanje prek hitre po\u0161te GLS ali Po\u0161te Slovenije, pakiranje in embala\u017eo.<\/p>\n<p>0-2 kg \u2013 5,55 EUR<\/p>\n<p>2-5 kg \u2013 6,43 EUR<\/p>\n<p>5-8 kg \u2013 8,99 EUR<\/p>\n<p>Naro\u010deno blago se odpremi po prejemu pla\u010dila oz. nakazila na teko\u010di ra\u010dun podjetja.<\/p>\n<p>\u010ce so artikli na zalogi je trajanje dostave 8 do 20 delovnih dni.<\/p>\n<p>Prodajalec bo blago ali storitve dostavil v dogovorjenem roku. Po\u0161iljke se odpo\u0161iljajo od ponedeljka do petka (razen praznikov). Dostavna slu\u017eba prevzema pakete enkrat do dvakrat tedensko. Pred naro\u010dilom mora stranka preveriti, ali je izdelek na zalogi. V primeru, da izdelka ni na zalogi, je dobavni rok dalj\u0161i od 25 delovnih dni.<\/p>\n<p>Dalj \u010dasa nedobavljiv izdelek bo za\u010dasno umaknjen iz ponudbe v spletni trgovini.<\/p>\n<p>Primarni partner za dostavo po\u0161iljk je GLS, vendar si ponudnik pridr\u017euje pravico izbrati drugo dostavno slu\u017ebo, \u010de bo s tem lahko naro\u010dilo izpolnil bolj u\u010dinkovito. GLS ve\u010dinoma dostavi po\u0161iljko \u017ee naslednji delovni dan.<\/p>\n<h2>6. MO\u017dNOSTI PLA\u010cILA<\/h2>\n<p>Nakazilo preko spletne banke. Gotovinsko pla\u010dilo ni mogo\u010de.<\/p>\n<p><strong>Opozorilo:<\/strong> Pomembno je da pri nakazilu pripi\u0161ete \u0161e va\u0161e ime in priimek, ki ste ga registrirali na na\u0161i spletni strani, da bomo lahko hitreje odpremili blago.<\/p>\n<h3>Na\u0161i podatki za nakazilo:<\/h3>\n<p>IBAN: SI56 044430113558541<br \/>\nBANKA: Nova KBM d.d.<\/p>\n<p>Naziv: Kovinoplast Ambro\u017e Kavs s.p.<br \/>\nNamen pla\u010dila: navedite svoje ime in priimek<br \/>\nreferenca: SI99<\/p>\n<h2>7. REKLAMACIJE IN VRA\u010cILO BLAGA<\/h2>\n<p>Kupec lahko blago reklamira v \u0161tirinajstih (14) dneh od nakupa, \u010de blago nima lastnosti, ki jih je prodajalec izrecno obljubil, \u010de je prodajalec poslal napa\u010dne izdelke, izdelke v napa\u010dni koli\u010dini, ali \u010de izdelki kako druga\u010de odstopajo od kup\u010devega naro\u010dila.<\/p>\n<p>Prejeto blago se mora vrniti nepo\u0161kodovano in v nespremenjeni koli\u010dini, razen \u010de je blago \u017ee prej uni\u010deno, izgubljeno ali se je njegova koli\u010dina zmanj\u0161ala brez krivde kupca. Nepo\u0161kodovana in nespremenjena mora biti tudi originalna embala\u017ea izdelka. Vra\u010dilo vpla\u010danega zneska ali del tega se izvede takoj, ko je to mogo\u010de, najkasneje pa v roku 30 dni. Vra\u010dilo kupnine se izvr\u0161i na transakcijski ra\u010dun kupca.<\/p>\n<p>V primeru vra\u010dila blaga zaradi reklamacije, je potrebno na naslov ponudnika poslati reklamacijski zapisnik. \u010ce je reklamacijski zahtevek upravi\u010den, ima kupec pravico do izbire drugega izdelka iz ponudbe, zahteve za dobropis ali zahteve za vra\u010dilo kupnine.<\/p>\n<p>Kupec lahko v tem primeru zahteva takoj\u0161njo zamenjavo za enak, brezhiben izdelek ali pa v zakonsko dolo\u010denem roku in pod pogoji za uveljavljanje reklamacije iz naslova stvarne napake.<\/p>\n<p>Kupec je v primeru reklamacije dol\u017ean vrniti izdelek dobavitelju.<\/p>\n<p>\u010ce kupec ob prevzemu po\u0161iljke opazi, da je artikel ali paket fizi\u010dno po\u0161kodovan, v njem manjka vsebina ali ka\u017ee znake odprtja, nas mora o tem nemudoma obvestiti, da lahko spro\u017eimo postopek reklamacije pri dostavni slu\u017ebi.<\/p>\n<p>\u010ce gre za upravi\u010deno prito\u017ebo, se obvezujemo v najkraj\u0161em mo\u017enem \u010dasu odpraviti pomanjkljivosti na blagu ali dobaviti neopore\u010dno nadomestno blago, \u010de pa niti eno niti drugo ni mo\u017eno, pristajamo na sorazmerno zni\u017eanje prodajne cene.<\/p>\n<h2>8. ODPOVED NARO\u010cILA<\/h2>\n<p>V primeru, da naro\u010dnik odpove svoje naro\u010dilo, je le-ta dol\u017ean ponudniku, povrniti vse stro\u0161ke, ki so nastali v zvezi z istim naro\u010dilom do trenutka odpovedi.<\/p>\n<h2>9. PRITO\u017dBE IN SPORI<\/h2>\n<p>Podjetje Kovinoplast Ambro\u017e Kavs s.p. spo\u0161tuje veljavne predpise s podro\u010dja varstva potro\u0161nikov in ima vzpostavljen u\u010dinkovit sistem obravnavanja prito\u017eb ter ima dolo\u010deno osebo, s katero se v primeru te\u017eav kupec lahko pove\u017ee telefonsko ali po elektronski po\u0161ti. Kupec se v primeru te\u017eav lahko po pomo\u010d obrne na tel. \u0161t.: 053819710. Prito\u017ebo lahko kupec odda na elektronski po\u0161tni naslov reklamacije@kavs.eu . Postopek obravnave prito\u017ebe je zaupen.<\/p>\n<p>Za vsa razmerja ter za pravice in obveznosti, ki niso urejene s temi Splo\u0161nimi pogoji poslovanja, se smiselno uporabljajo dolo\u010dila Obligacijskega zakonika, Zakona o elektronskem poslovanju na trgu, Zakona o varstvu osebnih podatkov in Zakona o varstvu potro\u0161nikov.<\/p>\n<p>Za vse sodne postopke med naro\u010dnikom in prodajalcem veljajo izklju\u010dno zakoni Republike Slovenije.<\/p>\n<p>Za re\u0161evanje sporov je pristojno sodi\u0161\u010de v Novi Gorici.<\/p>\n<h2>10. VAROVANJE OSEBNIH PODATKOV<\/h2>\n<p>PODJETJE KOVINOPLAST AMBRO\u017d KAVS S.P., e-naslov info@kavs.eu, je upravljavec z osebnimi podatki za spletno stran distancniki.si<\/p>\n<p>KOVINOPLAST AMBRO\u017d KAVS S.P. se zavezuje, da bo posredovane osebne podatke varovala v skladu z Zakonom o varstvu osebnih podatkov (ZVOP-1). Vsi posredovani podatki bodo obravnavani strogo zaupno in za namen, zaradi katerega so bili posredovani.<\/p>\n<p>Osebne podatke posameznika\u00a0KOVINOPLAST AMBRO\u017d KAVS S.P. obdeluje in jih hrani za dosego namena, zaradi katerega jih je posameznik posredoval:<br \/>\n\u2013 nakup v spletni trgovini distancniki.si<\/p>\n<p>Pri obravnavi posredno in neposredno posredovanih podatkov nas obvezuje Zakon o varstvu osebnih podatkov, s katerim se dolo\u010dajo pravice, obveznosti, na\u010dela in ukrepi, s katerimi se prepre\u010dujejo neustavni, nezakoniti in neupravi\u010deni posegi v zasebnost in dostojanstvo posameznika oziroma posameznice pri obdelavi osebnih podatkov. Podlago za zbiranje osebnih podatkov predstavlja nakup izdelka na spetni strani.<\/p>\n<p>KOVINOPLAST AMBRO\u017d KAVS S.P. za namene izvedbe naro\u010dila hrani naslednje osebne podatke: ime, priimek, email, naslov<\/p>\n<p>KOVINOPLAST AMBRO\u017d KAVS S.P. se obvezuje, da podatkov ne bo posredovala tretjim osebam, prav tako ne izven EU, EGP in mednarodni organizacijam tega prostora, razen kadar je to v skladu z veljavno zakonodajo. V \u010dasu upravljanja z osebnimi podatki ima posameznik pravico vpogleda, prepisa, kopiranja, dopolnitve, popravkov, blokiranja in izbrisa osebnih podatkov v zbirki podatkov, skladno z veljavno zakonodajo.<\/p>\n<p>KOVINOPLAST AMBRO\u017d KAVS S.P. bo pridobljene podatke varovala ter prepre\u010devala njihovo zlorabo. Osebni podatki bodo uporabljeni le za namene, za katere je uporabnik dal svoje soglasje. KOVINOPLAST AMBRO\u017d KAVS S.P. se zavezuje, da bo zbrane podatke hranila le toliko \u010dasa, kolikor bo nujno potrebno za dosego namena, zaradi katerega so bili zbrani.<\/p>\n<p>Po prenehanju potrebe po vodenju osebnih podatkov oz. na podlagi pisnega preklica uporabnika (na e-naslov\u00a0info@kavs.eu) se podatki izbri\u0161ejo oziroma se uni\u010dijo nosilci podatkov.<\/p>\n<p>Uporabniki imajo kadarkoli pravico\u00a0<strong>zahtevati spremembo oziroma izbris svojih osebnih podatkov\u00a0<\/strong>preko e-naslov\u00a0info@kavs.eu. Podatki bodo izbrisani v najkraj\u0161em mo\u017enem \u010dasu.<\/p>\n<p><strong>Zloraba podatkov<\/strong><\/p>\n<p>Zavezujemo se, da bomo varovali va\u0161e osebne podatke v skladu z GPDR. V kolikor bi pri\u0161lo do zlorabe podatkov, vas bomo o tem obvestili na va\u0161 e-po\u0161tni naslov v najkraj\u0161em mo\u017enem \u010dasu, vendar ne kasneje kot v 72 urah od ugotovitve zlorabe.<\/p>\n<p>&nbsp;<\/p>\n<h2>11. PRAVNO OBVESTILO<\/h2>\n<p><strong>OMEJITEV ODGOVORNOSTI<\/strong><\/p>\n<p>Upravitelj bo z vzdr\u017eevanjem vsebin spletnega mesta sku\u0161al zagotavljati to\u010dnost in a\u017eurnost podatkov, vendar ne jam\u010di in ne prevzemamo odgovornosti za njihovo to\u010dnost ter celovitost. Vsi uporabniki objavljeno vsebino uporabljajo na lastno odgovornost. Upravitelj si pridr\u017euje pravico do spreminjanja, dodajanja ali odstranitve spletnih strani oziroma vsebin (v celoti ali delno) brez predhodnega opozorila in ne prevzema odgovornosti za kakr\u0161ne koli posledice tak\u0161nih sprememb.<\/p>\n<p><strong>AVTORSKE PRAVICE<\/strong><\/p>\n<p>Vse informacije in na tem spletnem mestu predstavljene vsebine (besedila, fotografije) so predmet avtorske za\u0161\u010dite ter drugih oblik varovanja osebne lastnine. Uporaba avtorsko za\u0161\u010ditenih vsebin v komercialne namene, brez predhodnega pisnega dovoljenja upravitelja, je prepovedana in predstavlja kr\u0161itev zakonskih predpisov.<\/p>\n<p>Reprodukcija pisnih vsebin spletnega mesta je dovoljena izklju\u010dno v nekomercialne namene, pri \u010demer se morajo ohraniti tudi vsa navedena opozorila o avtorskih ali drugih pravicah.<\/p>\n<p><strong>NESPO\u0160TOVANJE DOLO\u010cB PRAVNEGA OBVESTILA<\/strong><\/p>\n<p>Upravitelj spletne strani od uporabnika pri\u010dakuje, da bo spo\u0161toval zapisane dolo\u010dbe in zakone s podro\u010dja varovanja zasebnosti, prava intelektualne lastnine ter avtorskega prava. V primeru zlorabe spletnih vsebin in kr\u0161enja zakonov, bo upravitelj zoper storilca ukrepal skladno z veljavnimi zakonskimi predpisi.<\/p>\n<h2>12. GARANCIJSKI POGOJI:<\/h2>\n<p>Za dobavljeno blago priznavamo garancijski rok 24 mesecev od dneva dobave.<\/p>\n<p>Garancija preneha veljati s posredovanjem nepoobla\u0161\u010dene osebe v proizvod ali z vgradnjo obrabnih ali rezervnih delov, ki niso predpisani s strani proizvajalca. Garancija preneha veljati \u010de se na\u0161e izdelke uporablja na dirkali\u0161\u010du oz. dirkalne namene.<\/p>\n<p>Za po\u0161kodbe ali okvare na blagu, ki so posledica nepravilne monta\u017ee, napa\u010dne nastavitve ali delovnih pogojev, ki niso v skladu s predvidenimi, ne priznavamo garancije.<\/p>\n<p>Vsi garancijski zahtevki morajo biti pisni, z razvidnimi podatki o vrsti neskladnosti.<\/p>\n<p>\u010ce gre za upravi\u010deno reklamacijo se obvezujemo, da brezpla\u010dno in v \u010dim kraj\u0161em \u010dasu popravimo ali zamenjamo v garancijskem roku reklamirano blago. Kraj re\u0161evanja reklamacije je podjetje Kovinoplast Ambro\u017e Kavs s.p.<\/p>\n<p>V primeru neupravi\u010denih reklamacijskih zahtevkov nam je naro\u010dnik dol\u017ean povrniti vse stro\u0161ke, ki nastanejo zaradi ugotavljanja upravi\u010denosti reklamacije.<\/p>\n<h2>12. LASTNINSKI PRIDR\u017dEK<\/h2>\n<p>Vse dobavljeno blago ostane na\u0161a last do popolne izpolnitve naro\u010dnikovih obveznosti v zvezi z dobavljenim blagom, vklju\u010dno s pla\u010dilom morebitnih stro\u0161kov opominov in zamudnih obresti. V primeru, \u010de naro\u010dnik blago proda naprej pred iztekom pla\u010dilnega roka, nam mora odstopiti nastale zahteve do svojega kupca v vi\u0161ini prodajne cene na\u0161ega blaga.<\/p>\n<p>Naro\u010dnik blaga je dol\u017ean svojega kupca seznaniti z na\u0161o klavzulo o lastninskem pridr\u017eku.<\/p>\n<p>Ob morebitnem rube\u017eu blaga naro\u010dnika, v katerem nastopajo na\u0161i izdelki s strani tretje osebe, mora naro\u010dnik tretjo osebo takoj obvestiti o klavzuli o lastninskem pridr\u017eku.<\/p>\n<h2>\u00a013. JAMSTVO ZA KAKOVOST DOBAV<\/h2>\n<p>Jam\u010dimo neopore\u010dnost dobavljenega blaga v skladu s katalo\u0161kimi podatki oziroma posebej dogovorjenimi zahtevami.<\/p>\n<\/div>\n","protected":false},"excerpt":{"rendered":"<p>Splo\u0161ni pogoji poslovanja SPLO\u0160NI PRODAJNI POGOJI KOVINOPLAST AMBRO\u017d KAVS S.P. Izdaja: 09\/ 2025 \u00a01. SPLO\u0160NI POGOJI: Splo\u0161ni pogoji spletne trgovine so sestavljeni v skladu z\u00a0Zakonom o varstvu potro\u0161nikov (ZVPot), Zakonom<\/p>\n","protected":false},"author":1,"featured_media":0,"parent":0,"menu_order":0,"comment_status":"closed","ping_status":"closed","template":"","meta":{"footnotes":""},"class_list":["post-2183","page","type-page","status-publish","hentry"],"_links":{"self":[{"href":"https:\/\/www.kavs.net\/sl\/wp-json\/wp\/v2\/pages\/2183","targetHints":{"allow":["GET"]}}],"collection":[{"href":"https:\/\/www.kavs.net\/sl\/wp-json\/wp\/v2\/pages"}],"about":[{"href":"https:\/\/www.kavs.net\/sl\/wp-json\/wp\/v2\/types\/page"}],"author":[{"embeddable":true,"href":"https:\/\/www.kavs.net\/sl\/wp-json\/wp\/v2\/users\/1"}],"replies":[{"embeddable":true,"href":"https:\/\/www.kavs.net\/sl\/wp-json\/wp\/v2\/comments?post=2183"}],"version-history":[{"count":4,"href":"https:\/\/www.kavs.net\/sl\/wp-json\/wp\/v2\/pages\/2183\/revisions"}],"predecessor-version":[{"id":8167,"href":"https:\/\/www.kavs.net\/sl\/wp-json\/wp\/v2\/pages\/2183\/revisions\/8167"}],"wp:attachment":[{"href":"https:\/\/www.kavs.net\/sl\/wp-json\/wp\/v2\/media?parent=2183"}],"curies":[{"name":"wp","href":"https:\/\/api.w.org\/{rel}","templated":true}]}}